{"id":283,"date":"2017-02-08T21:17:17","date_gmt":"2017-02-08T20:17:17","guid":{"rendered":"http:\/\/metaverso.de\/?page_id=283"},"modified":"2017-03-21T13:12:13","modified_gmt":"2017-03-21T12:12:13","slug":"ar-vr-2","status":"publish","type":"page","link":"https:\/\/metaverso.de\/","title":{"rendered":"AR | VR"},"content":{"rendered":"<div id=\"dslc-content\" class=\"dslc-content dslc-clearfix\"><div id=\"dslc-main\">\r\n\t\t<div  class=\"dslc-modules-section \" style=\"padding-bottom:500px;padding-top:500px;background-color:#001e32;background-image:url(https:\/\/metaverso.de\/wp-content\/uploads\/2017\/02\/cropped-metaverso_hg_web-1.jpg);background-repeat:no-repeat;background-position:center top;background-attachment:fixed;\" data-section-id=\"5deaad0c5a9\">\r\n\t\t\t\t<div class=\"dslc-bg-video dslc-force-show\"><div class=\"dslc-bg-video-overlay\" style=\"background-color:#000000; opacity:0.5; \"><\/div><\/div>\r\n\t\t\t\t\r\n\t\t\t\t<div class=\"dslc-modules-section-wrapper dslc-clearfix\"><div class=\"dslc-modules-area dslc-col dslc-12-col dslc-last-col dslc-valign- \" data-size=\"12\" data-valign=\"\">\n\t\t<div id=\"dslc-module-6f411b7e55f\" class=\"dslc-module-front dslc-module-DSLC_Text_Simple dslc-in-viewport-check dslc-in-viewport-anim-none  dslc-col dslc-12-col dslc-last-col  dslc-module-handle-like-regular \" data-module-id=\"6f411b7e55f\" data-module=\"DSLC_Text_Simple\" data-dslc-module-size=\"12\" data-dslc-anim=\"none\" data-dslc-anim-delay=\"\" data-dslc-anim-duration=\"650\"  data-dslc-anim-easing=\"ease\" data-dslc-preset=\"none\" >\n\n\t\t\t\n\t\t\t\n\t\t\r\n\t\t<div class=\"dslc-text-module-content\">\r\n\t\t\t<h2>Sum\u00e9rgete en el metaverso<\/h2>\t\t<\/div>\r\n\r\n\t\t\n\t\t\t\t<\/div><!-- .dslc-module -->\n\t\t<\/div><\/div><\/div>\r\n\t\t<div  class=\"dslc-modules-section  dslc-full  dslc-no-columns-spacing \" style=\"padding-bottom:0px;padding-top:0px;\" data-section-id=\"a53842eb2be\">\r\n\t\t\t\t\r\n\t\t\t\t\r\n\t\t\t\t<div class=\"dslc-modules-section-wrapper dslc-clearfix\"><div class=\"dslc-modules-area dslc-col dslc-6-col dslc-first-col dslc-valign- \" data-size=\"6\" data-valign=\"\">\n\t\t<div id=\"dslc-module-adr7enhm6o\" class=\"dslc-module-front dslc-module-DSLC_Icon dslc-in-viewport-check dslc-in-viewport-anim-none  dslc-col dslc-12-col dslc-last-col  dslc-module-handle-like-regular \" data-module-id=\"adr7enhm6o\" data-module=\"DSLC_Icon\" data-dslc-module-size=\"12\" data-dslc-anim=\"none\" data-dslc-anim-delay=\"0\" data-dslc-anim-duration=\"650\"  data-dslc-anim-easing=\"ease\" data-dslc-preset=\"none\" >\n\n\t\t\t\n\t\t\t\n\t\t\t\t\t\r\n\t\t\t<div class=\"dslc-micon-module\">\r\n\t\t\t\t\t\t\t\t\t<span class=\"dslc-icon dslc-icon-connectdevelop\"><\/span>\t\r\n\t\t\t\t\t\t\t<\/div><!-- .dslc-micon-module -->\r\n\r\n\t\t\n\t\t\t\t<\/div><!-- .dslc-module -->\n\t\t\n\t\t<div id=\"dslc-module-s3gugepv2i4\" class=\"dslc-module-front dslc-module-DSLC_Text_Simple dslc-in-viewport-check dslc-in-viewport-anim-none  dslc-col dslc-12-col dslc-last-col  dslc-module-handle-like-regular \" data-module-id=\"s3gugepv2i4\" data-module=\"DSLC_Text_Simple\" data-dslc-module-size=\"12\" data-dslc-anim=\"none\" data-dslc-anim-delay=\"\" data-dslc-anim-duration=\"650\"  data-dslc-anim-easing=\"ease\" data-dslc-preset=\"none\" >\n\n\t\t\t\n\t\t\t\n\t\t\r\n\t\t<div class=\"dslc-text-module-content\">\r\n\t\t\t<h3>- \u00bfQui\u00e9nes somos? -<\/h3><h2>Especialistas TI y Creativos<\/h2><p>Somos un equipo joven de desarrolladores inform\u00e1ticos con una gran red de contactos de artistas 3D, narradores y dise\u00f1adores. Tenemos m\u00e1s de 15 a\u00f1os de experiencia en el desarrollo de proyectos tecnol\u00f3gicos para sectores tan exigentes como el aeron\u00e1utico o el de seguros, aunque ofrecemos nuestros servicios para cualquier sector.<\/p>\t\t<\/div>\r\n\r\n\t\t\n\t\t\t\t<\/div><!-- .dslc-module -->\n\t\t<\/div><div class=\"dslc-modules-area dslc-col dslc-6-col dslc-last-col dslc-valign- \" data-size=\"6\" data-valign=\"\">\n\t\t<div id=\"dslc-module-96\" class=\"dslc-module-front dslc-module-DSLC_Icon dslc-in-viewport-check dslc-in-viewport-anim-none  dslc-col dslc-12-col dslc-last-col  dslc-module-handle-like-regular \" data-module-id=\"96\" data-module=\"DSLC_Icon\" data-dslc-module-size=\"12\" data-dslc-anim=\"none\" data-dslc-anim-delay=\"0\" data-dslc-anim-duration=\"650\"  data-dslc-anim-easing=\"ease\" data-dslc-preset=\"none\" >\n\n\t\t\t\n\t\t\t\n\t\t\t\t\t\r\n\t\t\t<div class=\"dslc-micon-module\">\r\n\t\t\t\t\t\t\t\t\t<span class=\"dslc-icon dslc-icon-safari\"><\/span>\t\r\n\t\t\t\t\t\t\t<\/div><!-- .dslc-micon-module -->\r\n\r\n\t\t\n\t\t\t\t<\/div><!-- .dslc-module -->\n\t\t\n\t\t<div id=\"dslc-module-93\" class=\"dslc-module-front dslc-module-DSLC_Text_Simple dslc-in-viewport-check dslc-in-viewport-anim-none  dslc-col dslc-12-col dslc-last-col  dslc-module-handle-like-regular \" data-module-id=\"93\" data-module=\"DSLC_Text_Simple\" data-dslc-module-size=\"12\" data-dslc-anim=\"none\" data-dslc-anim-delay=\"\" data-dslc-anim-duration=\"650\"  data-dslc-anim-easing=\"ease\" data-dslc-preset=\"none\" >\n\n\t\t\t\n\t\t\t\n\t\t\r\n\t\t<div class=\"dslc-text-module-content\">\r\n\t\t\t<h3>- \u00bfQu\u00e9 hacemos? -<\/h3><h2>Realidad Virtual y Aumentada<\/h2><p>Estamos especializados en la realizaci\u00f3n de proyectos de desarrollo a medida, soluciones de Business Intelligence, la gesti\u00f3n de contenido empresarial y la realidad virtual y aumentada. Desde nuestras oficinas de Gran Canaria (Espa\u00f1a) y Heidelberg (Alemania) nuestro equipo presta estos servicios a clientes de toda Europa.<\/p>\t\t<\/div>\r\n\r\n\t\t\n\t\t\t\t<\/div><!-- .dslc-module -->\n\t\t<\/div><\/div><\/div>\r\n\t\t<div  class=\"dslc-modules-section  dslc-init-parallax \" style=\"padding-bottom:171px;padding-top:171px;background-image:url(https:\/\/metaverso.de\/wp-content\/uploads\/2017\/02\/team_01.jpg);background-repeat:no-repeat;background-position:center center;background-attachment:parallax;background-size:cover;\" data-section-id=\"2a80a656202\">\r\n\t\t\t\t<div class=\"dslc-bg-video dslc-force-show\"><div class=\"dslc-bg-video-overlay\" style=\"background-color:rgb(42, 42, 42); opacity:0.7; \"><\/div><\/div>\r\n\t\t\t\t\r\n\t\t\t\t<div class=\"dslc-modules-section-wrapper dslc-clearfix\"><div class=\"dslc-modules-area dslc-col dslc-12-col dslc-last-col dslc-valign- \" data-size=\"12\" data-valign=\"\">\n\t\t<div id=\"dslc-module-98\" class=\"dslc-module-front dslc-module-DSLC_Text_Simple dslc-in-viewport-check dslc-in-viewport-anim-none  dslc-col dslc-12-col dslc-last-col  dslc-module-handle-like-regular \" data-module-id=\"98\" data-module=\"DSLC_Text_Simple\" data-dslc-module-size=\"12\" data-dslc-anim=\"none\" data-dslc-anim-delay=\"\" data-dslc-anim-duration=\"650\"  data-dslc-anim-easing=\"ease\" data-dslc-preset=\"none\" >\n\n\t\t\t\n\t\t\t\n\t\t\r\n\t\t<div class=\"dslc-text-module-content\">\r\n\t\t\t<h2>Experimenta el metaverso<\/h2>\t\t<\/div>\r\n\r\n\t\t\n\t\t\t\t<\/div><!-- .dslc-module -->\n\t\t<\/div><\/div><\/div>\r\n\t\t<div  class=\"dslc-modules-section  dslc-full  dslc-no-columns-spacing \" style=\"padding-bottom:0px;padding-top:0px;background-color:#ece8dd;\" data-section-id=\"309b5b2ddb8\">\r\n\t\t\t\t\r\n\t\t\t\t\r\n\t\t\t\t<div class=\"dslc-modules-section-wrapper dslc-clearfix\"><div class=\"dslc-modules-area dslc-col dslc-6-col dslc-first-col dslc-valign- \" data-size=\"6\" data-valign=\"\">\n\t\t<div id=\"dslc-module-nfa72rtg5sg\" class=\"dslc-module-front dslc-module-DSLC_Icon dslc-in-viewport-check dslc-in-viewport-anim-none  dslc-col dslc-12-col dslc-last-col  dslc-module-handle-like-regular \" data-module-id=\"nfa72rtg5sg\" data-module=\"DSLC_Icon\" data-dslc-module-size=\"12\" data-dslc-anim=\"none\" data-dslc-anim-delay=\"0\" data-dslc-anim-duration=\"650\"  data-dslc-anim-easing=\"ease\" data-dslc-preset=\"none\" >\n\n\t\t\t\n\t\t\t\n\t\t\t\t\t\r\n\t\t\t<div class=\"dslc-micon-module\">\r\n\t\t\t\t\t\t\t\t\t<span class=\"dslc-icon dslc-icon-star\"><\/span>\t\r\n\t\t\t\t\t\t\t<\/div><!-- .dslc-micon-module -->\r\n\r\n\t\t\n\t\t\t\t<\/div><!-- .dslc-module -->\n\t\t\n\t\t<div id=\"dslc-module-l3ftqb7uovk\" class=\"dslc-module-front dslc-module-DSLC_Text_Simple dslc-in-viewport-check dslc-in-viewport-anim-none  dslc-col dslc-12-col dslc-last-col  dslc-module-handle-like-regular \" data-module-id=\"l3ftqb7uovk\" data-module=\"DSLC_Text_Simple\" data-dslc-module-size=\"12\" data-dslc-anim=\"none\" data-dslc-anim-delay=\"\" data-dslc-anim-duration=\"650\"  data-dslc-anim-easing=\"ease\" data-dslc-preset=\"none\" >\n\n\t\t\t\n\t\t\t\n\t\t\r\n\t\t<div class=\"dslc-text-module-content\">\r\n\t\t\t<h3>- La historia -<\/h3><h2>15 a\u00f1os de experiencia<\/h2><p>\u00a1Nuestro equipo de realidad mixta tiene m\u00e1s de 15 a\u00f1os de experiencia trabajando con tecnolog\u00edas 3D\/ AR\/ VR y nuestros desarrolladores 3D saben que es lo que hacen cuando hablan de gr\u00e1ficos 3D para el metaverso!<\/p>\t\t<\/div>\r\n\r\n\t\t\n\t\t\t\t<\/div><!-- .dslc-module -->\n\t\t<\/div><div class=\"dslc-modules-area dslc-col dslc-6-col dslc-last-col dslc-valign- \" data-size=\"6\" data-valign=\"\">\n\t\t<div id=\"dslc-module-97\" class=\"dslc-module-front dslc-module-DSLC_Icon dslc-in-viewport-check dslc-in-viewport-anim-none  dslc-col dslc-12-col dslc-last-col  dslc-module-handle-like-regular \" data-module-id=\"97\" data-module=\"DSLC_Icon\" data-dslc-module-size=\"12\" data-dslc-anim=\"none\" data-dslc-anim-delay=\"0\" data-dslc-anim-duration=\"650\"  data-dslc-anim-easing=\"ease\" data-dslc-preset=\"none\" >\n\n\t\t\t\n\t\t\t\n\t\t\t\t\t\r\n\t\t\t<div class=\"dslc-micon-module\">\r\n\t\t\t\t\t\t\t\t\t<span class=\"dslc-icon dslc-icon-magic\"><\/span>\t\r\n\t\t\t\t\t\t\t<\/div><!-- .dslc-micon-module -->\r\n\r\n\t\t\n\t\t\t\t<\/div><!-- .dslc-module -->\n\t\t\n\t\t<div id=\"dslc-module-94\" class=\"dslc-module-front dslc-module-DSLC_Text_Simple dslc-in-viewport-check dslc-in-viewport-anim-none  dslc-col dslc-12-col dslc-last-col  dslc-module-handle-like-regular \" data-module-id=\"94\" data-module=\"DSLC_Text_Simple\" data-dslc-module-size=\"12\" data-dslc-anim=\"none\" data-dslc-anim-delay=\"\" data-dslc-anim-duration=\"650\"  data-dslc-anim-easing=\"ease\" data-dslc-preset=\"none\" >\n\n\t\t\t\n\t\t\t\n\t\t\r\n\t\t<div class=\"dslc-text-module-content\">\r\n\t\t\t<h3>- Nuestro servicio -<\/h3><h2>Proyectos Exclusivos de Calidad<\/h2><p>Cada cliente y cada proyecto son \u00fanicos y nosotros ofrecemos la dedicaci\u00f3n y la profesionalidad que requieren para crear una soluci\u00f3n exclusiva y de calidad. Para lograr esto, trabajamos mano a mano con nuestros clientes, acompa\u00f1\u00e1ndolos en todo el proceso, desde la generaci\u00f3n de ideas hasta su materializaci\u00f3n.<\/p>\t\t<\/div>\r\n\r\n\t\t\n\t\t\t\t<\/div><!-- .dslc-module -->\n\t\t<\/div><\/div><\/div>\r\n\t\t<div  class=\"dslc-modules-section \" style=\"padding-bottom:50px;padding-top:50px;\" data-section-id=\"ca35e493652\">\r\n\t\t\t\t\r\n\t\t\t\t\r\n\t\t\t\t<div class=\"dslc-modules-section-wrapper dslc-clearfix\"><div class=\"dslc-modules-area dslc-col dslc-12-col dslc-last-col dslc-valign- \" data-size=\"12\" data-valign=\"\">\n\t\t<div id=\"dslc-module-39712509524\" class=\"dslc-module-front dslc-module-DSLC_Text_Simple dslc-in-viewport-check dslc-in-viewport-anim-none  dslc-col dslc-12-col dslc-last-col  dslc-module-handle-like-regular \" data-module-id=\"39712509524\" data-module=\"DSLC_Text_Simple\" data-dslc-module-size=\"12\" data-dslc-anim=\"none\" data-dslc-anim-delay=\"\" data-dslc-anim-duration=\"650\"  data-dslc-anim-easing=\"ease\" data-dslc-preset=\"none\" >\n\n\t\t\t\n\t\t\t\n\t\t\r\n\t\t<div class=\"dslc-text-module-content\">\r\n\t\t\t<h1>Metaverso: realidad aumentada, virtual o mixta<\/h1><p>El metaverso se describe como un universo digital creado o mejorado en el que todos viviremos. Las tecnolog\u00edas visuales como la realidad aumentada (AR) y la realidad virtual (VR) est\u00e1n creciendo y van a transformar nuestro mundo y la forma en la que interactuamos con \u00e9l, c\u00f3mo nos comunicaremos con otros humanos o con seres artificiales y c\u00f3mo vamos a aprender y procesar la informaci\u00f3n en el futuro. \u00a1Conocer gente, trabajar, pasarlo bien y ser creativos es posible dentro del metaverso! La nueva tecnolog\u00eda nos ayudar\u00e1 a ser m\u00e1s humanos en un entorno digital, en un entorno de realidad mixta.<\/p><p>Metaverso.es es tu punto de partida dentro de este metaverso. Crea tu visi\u00f3n de realidad virtual o aumentada con nuestra ayuda. Disfruta de un viaje creativo y da vida a fant\u00e1sticos mundos y productos con nosotros. \u00a1Construyamos el metaverso!<\/p><ul><li>\u00bfTienes una idea de negocio y quieres empezar tu propio proyecto de AR o VR?<\/li><li>\u00bfBuscas a alguien que te ayude a desarrollar o a ejecutar tus ideas?<\/li><li>\u00bfEstas interesado en la realizaci\u00f3n de tesis y proyectos o en la creaci\u00f3n de tu propio videojuego?<\/li><li>\u00bfNecesitas presentar la tecnolog\u00eda a tu empresa u organizaci\u00f3n?<\/li><li>\u00bfQuieres probar la AR\/VR en primera persona?<\/li><\/ul><p>\u00a1Entonces est\u00e1s en el lugar adecuado!<\/p><p>Consulta nuestra oferta de SERVICIOS para saber m\u00e1s.<\/p>\t\t<\/div>\r\n\r\n\t\t\n\t\t\t\t<\/div><!-- .dslc-module -->\n\t\t<\/div><\/div><\/div>\r\n\t\t<div  class=\"dslc-modules-section \" style=\"\" data-section-id=\"1151ec51461\">\r\n\t\t\t\t\r\n\t\t\t\t\r\n\t\t\t\t<div class=\"dslc-modules-section-wrapper dslc-clearfix\"><div class=\"dslc-modules-area dslc-col dslc-12-col dslc-last-col dslc-valign- \" data-size=\"12\" data-valign=\"\">\n\t\t<div id=\"dslc-module-db3051532f6\" class=\"dslc-module-front dslc-module-DSLC_Button dslc-in-viewport-check dslc-in-viewport-anim-none  dslc-col dslc-12-col dslc-last-col  dslc-module-handle-like-regular \" data-module-id=\"db3051532f6\" data-module=\"DSLC_Button\" data-dslc-module-size=\"12\" data-dslc-anim=\"none\" data-dslc-anim-delay=\"\" data-dslc-anim-duration=\"650\"  data-dslc-anim-easing=\"ease\" data-dslc-preset=\"none\" >\n\n\t\t\t\n\t\t\t\n\t\t\r\n\t\t\t<div class=\"dslc-button\">\r\n\t\t\t\t\t\t\t\t\t<a href=\"http:\/\/metaverso.de\/es\/contacto\/\" target=\"_self\"  onClick=\"\" class=\"\">\r\n\t\t\t\t\t\t\t\t\t\t\t\t\t\t\t\t\t\t\t<span>\u00a1Contacta con nosotros!<\/span>\r\n\t\t\t\t\t\t\t\t\t\t\t\t\t\t\t\t\t<\/a>\r\n\t\t\t\t\t\t\t<\/div><!-- .dslc-button -->\r\n\r\n\r\n\t\t\t\t\t\t\n\t\t\t\t<\/div><!-- .dslc-module -->\n\t\t<\/div><\/div><\/div>\r\n\t\t<div  class=\"dslc-modules-section \" style=\"padding-bottom:50px;padding-top:50px;background-color:rgb(96, 96, 96);\" data-section-id=\"a4160117691\">\r\n\t\t\t\t\r\n\t\t\t\t\r\n\t\t\t\t<div class=\"dslc-modules-section-wrapper dslc-clearfix\"><div class=\"dslc-modules-area dslc-col dslc-12-col dslc-last-col dslc-valign- \" data-size=\"12\" data-valign=\"\">\n\t\t<div id=\"dslc-module-116\" class=\"dslc-module-front dslc-module-DSLC_Social dslc-in-viewport-check dslc-in-viewport-anim-none  dslc-col dslc-12-col dslc-last-col  dslc-module-handle-like-regular \" data-module-id=\"116\" data-module=\"DSLC_Social\" data-dslc-module-size=\"12\" data-dslc-anim=\"none\" data-dslc-anim-delay=\"\" data-dslc-anim-duration=\"650\"  data-dslc-anim-easing=\"ease\" data-dslc-preset=\"none\" >\n\n\t\t\t\n\t\t\t\n\t\t\t\t\t<div class=\"dslc-social-wrap\">\r\n\r\n\t\t\t\t<ul class=\"dslc-social\">\r\n\t\t\t\t\t\t\t\t\t\t\t<li>\r\n\t\t\t\t\t\t\t\t<a class=\"dslc-social-icon\" target=\"_blank\" href=\"https:\/\/www.facebook.com\/edataconsultingR.Metaverso\" ><span class=\"dslc-icon dslc-icon-facebook\"><\/span><\/a>\r\n\t\t\t\t\t\t\t\t\t\t\t\t\t\t\t<\/li>\r\n\t\t\t\t\t\t\t\t\t\t\t\t\t\t<li>\r\n\t\t\t\t\t\t\t\t<a class=\"dslc-social-icon\" target=\"_blank\" href=\"https:\/\/www.linkedin.com\/company\/edataunited-s-l-\" ><span class=\"dslc-icon dslc-icon-linkedin\"><\/span><\/a>\r\n\t\t\t\t\t\t\t\t\t\t\t\t\t\t\t<\/li>\r\n\t\t\t\t\t\t\t\t\t\t\t<\/ul>\r\n\r\n\t\t\t<\/div><!-- .dslc-social-wrap -->\r\n\r\n\t\t\t\n\t\t\t\t<\/div><!-- .dslc-module -->\n\t\t<\/div><\/div><\/div><\/div><\/div>","protected":false},"excerpt":{"rendered":"<p>Sum\u00e9rgete en el metaverso - \u00bfQui\u00e9nes somos? -Especialistas TI y CreativosSomos un equipo joven de desarrolladores inform\u00e1ticos con una gran red de contactos de artistas 3D, narradores y dise\u00f1adores. Tenemos [&hellip;]<\/p>\n","protected":false},"author":4,"featured_media":0,"parent":0,"menu_order":0,"comment_status":"closed","ping_status":"closed","template":"page-templates\/page_composer.php","meta":{"footnotes":""},"class_list":["post-283","page","type-page","status-publish","hentry","clearfix"],"_links":{"self":[{"href":"https:\/\/metaverso.de\/index.php?rest_route=\/wp\/v2\/pages\/283","targetHints":{"allow":["GET"]}}],"collection":[{"href":"https:\/\/metaverso.de\/index.php?rest_route=\/wp\/v2\/pages"}],"about":[{"href":"https:\/\/metaverso.de\/index.php?rest_route=\/wp\/v2\/types\/page"}],"author":[{"embeddable":true,"href":"https:\/\/metaverso.de\/index.php?rest_route=\/wp\/v2\/users\/4"}],"replies":[{"embeddable":true,"href":"https:\/\/metaverso.de\/index.php?rest_route=%2Fwp%2Fv2%2Fcomments&post=283"}],"version-history":[{"count":5,"href":"https:\/\/metaverso.de\/index.php?rest_route=\/wp\/v2\/pages\/283\/revisions"}],"predecessor-version":[{"id":374,"href":"https:\/\/metaverso.de\/index.php?rest_route=\/wp\/v2\/pages\/283\/revisions\/374"}],"wp:attachment":[{"href":"https:\/\/metaverso.de\/index.php?rest_route=%2Fwp%2Fv2%2Fmedia&parent=283"}],"curies":[{"name":"wp","href":"https:\/\/api.w.org\/{rel}","templated":true}]}}